{"id":601,"date":"2021-07-02T17:12:12","date_gmt":"2021-07-02T14:12:12","guid":{"rendered":"https:\/\/senvakum.com\/?page_id=601"},"modified":"2021-07-02T17:28:23","modified_gmt":"2021-07-02T14:28:23","slug":"sen-vakum-galeri","status":"publish","type":"page","link":"https:\/\/senvakum.com\/index.php\/sen-vakum-galeri\/","title":{"rendered":"Galeri"},"content":{"rendered":"\n<blockquote class=\"wp-block-quote is-style-large\"><p><strong>\u015een Vakum \u00dcr\u00fcnlerine Ait G\u00f6rsel Galerisi<\/strong><\/p><\/blockquote>\n\n\n<div class=\"foogallery foogallery-container foogallery-default foogallery-lightbox-none fg-gutter-10 fg-center fg-default fg-light fg-border-thin fg-shadow-outline fg-loading-default fg-loaded-fade-in fg-caption-hover fg-hover-fade fg-hover-zoom fg-ready\" id=\"foogallery-gallery-604\" data-foogallery=\"{&quot;item&quot;:{&quot;showCaptionTitle&quot;:true,&quot;showCaptionDescription&quot;:true},&quot;lazy&quot;:true}\" >\r\n\t<div class=\"fg-item fg-type-image fg-idle\"><figure class=\"fg-item-inner\"><a href=\"https:\/\/senvakum.com\/index.php\/service\/yapistirmali-blister\/yapistirmali_blister2\/\" data-attachment-id=\"575\" class=\"fg-thumb\"><span class=\"fg-image-wrap\"><img loading=\"lazy\" width=\"150\" height=\"150\" class=\"skip-lazy fg-image\" data-src-fg=\"https:\/\/senvakum.com\/wp-content\/uploads\/cache\/2018\/11\/yapistirmali_blister2\/3231591874.jpg\" src=\"data:image\/svg+xml,%3Csvg%20xmlns%3D%22http%3A%2F%2Fwww.w3.org%2F2000%2Fsvg%22%20width%3D%22150%22%20height%3D%22150%22%20viewBox%3D%220%200%20150%20150%22%3E%3C%2Fsvg%3E\" \/><\/span><span class=\"fg-image-overlay\"><\/span><\/a><figcaption class=\"fg-caption\"><div class=\"fg-caption-inner\"><\/div><\/figcaption><\/figure><div class=\"fg-loader\"><\/div><\/div><div class=\"fg-item fg-type-image fg-idle\"><figure class=\"fg-item-inner\"><a href=\"https:\/\/senvakum.com\/index.php\/service\/yapistirmali-blister\/yapistirmali-blister-yb010-960x750\/\" data-attachment-id=\"574\" class=\"fg-thumb\"><span class=\"fg-image-wrap\"><img loading=\"lazy\" width=\"150\" height=\"150\" class=\"skip-lazy fg-image\" data-src-fg=\"https:\/\/senvakum.com\/wp-content\/uploads\/cache\/2018\/11\/yapistirmali-blister-yb010-960x750\/3818248033.jpg\" src=\"data:image\/svg+xml,%3Csvg%20xmlns%3D%22http%3A%2F%2Fwww.w3.org%2F2000%2Fsvg%22%20width%3D%22150%22%20height%3D%22150%22%20viewBox%3D%220%200%20150%20150%22%3E%3C%2Fsvg%3E\" \/><\/span><span class=\"fg-image-overlay\"><\/span><\/a><figcaption class=\"fg-caption\"><div class=\"fg-caption-inner\"><\/div><\/figcaption><\/figure><div class=\"fg-loader\"><\/div><\/div><div class=\"fg-item fg-type-image fg-idle\"><figure class=\"fg-item-inner\"><a href=\"https:\/\/senvakum.com\/index.php\/service\/yapistirmali-blister\/yapistirmali-blister\/\" data-attachment-id=\"573\" class=\"fg-thumb\"><span class=\"fg-image-wrap\"><img loading=\"lazy\" width=\"150\" height=\"150\" class=\"skip-lazy fg-image\" data-src-fg=\"https:\/\/senvakum.com\/wp-content\/uploads\/cache\/2018\/11\/yapistirmali-blister\/383301810.jpg\" src=\"data:image\/svg+xml,%3Csvg%20xmlns%3D%22http%3A%2F%2Fwww.w3.org%2F2000%2Fsvg%22%20width%3D%22150%22%20height%3D%22150%22%20viewBox%3D%220%200%20150%20150%22%3E%3C%2Fsvg%3E\" \/><\/span><span class=\"fg-image-overlay\"><\/span><\/a><figcaption class=\"fg-caption\"><div class=\"fg-caption-inner\"><\/div><\/figcaption><\/figure><div class=\"fg-loader\"><\/div><\/div><\/div>\r\n","protected":false},"excerpt":{"rendered":"<p>\u015een Vakum \u00dcr\u00fcnlerine Ait G\u00f6rsel Galerisi<\/p>\n","protected":false},"author":1,"featured_media":0,"parent":0,"menu_order":0,"comment_status":"closed","ping_status":"closed","template":"","meta":[],"yoast_head":"<!-- This site is optimized with the Yoast SEO plugin v16.6.1 - https:\/\/yoast.com\/wordpress\/plugins\/seo\/ -->\r\n<title>Galeri - \u015een Vakum<\/title>\r\n<meta name=\"description\" content=\"Termoform sekt\u00f6r\u00fcnde fason ambalaj kal\u0131p ve m\u00fc\u015fteri taleplerine y\u00f6nelik makine imalat\u0131nda kaliteyi ve m\u00fc\u015fteri memnuniyetini esas al\u0131p kuruldu\u011fu g\u00fcnden itibaren m\u00fc\u015fterilere \u00e7\u00f6z\u00fcm orta\u011f\u0131 olarak hizmet vermektedir.\" \/>\r\n<meta name=\"robots\" content=\"index, follow, max-snippet:-1, max-image-preview:large, max-video-preview:-1\" \/>\r\n<link rel=\"canonical\" href=\"https:\/\/senvakum.com\/index.php\/sen-vakum-galeri\/\" \/>\r\n<meta property=\"og:locale\" content=\"tr_TR\" \/>\r\n<meta property=\"og:type\" content=\"article\" \/>\r\n<meta property=\"og:title\" content=\"Galeri - \u015een Vakum\" \/>\r\n<meta property=\"og:description\" content=\"Termoform sekt\u00f6r\u00fcnde fason ambalaj kal\u0131p ve m\u00fc\u015fteri taleplerine y\u00f6nelik makine imalat\u0131nda kaliteyi ve m\u00fc\u015fteri memnuniyetini esas al\u0131p kuruldu\u011fu g\u00fcnden itibaren m\u00fc\u015fterilere \u00e7\u00f6z\u00fcm orta\u011f\u0131 olarak hizmet vermektedir.\" \/>\r\n<meta property=\"og:url\" content=\"https:\/\/senvakum.com\/index.php\/sen-vakum-galeri\/\" \/>\r\n<meta property=\"og:site_name\" content=\"\u015een Vakum\" \/>\r\n<meta property=\"article:modified_time\" content=\"2021-07-02T14:28:23+00:00\" \/>\r\n<meta name=\"twitter:card\" content=\"summary_large_image\" \/>\r\n<meta name=\"twitter:label1\" content=\"Tahmini okuma s\u00fcresi\" \/>\n\t<meta name=\"twitter:data1\" content=\"1 dakika\" \/>\r\n<script type=\"application\/ld+json\" class=\"yoast-schema-graph\">{\"@context\":\"https:\/\/schema.org\",\"@graph\":[{\"@type\":\"Organization\",\"@id\":\"https:\/\/senvakum.com\/#organization\",\"name\":\"\\u015een Vakum\",\"url\":\"https:\/\/senvakum.com\/\",\"sameAs\":[],\"logo\":{\"@type\":\"ImageObject\",\"@id\":\"https:\/\/senvakum.com\/#logo\",\"inLanguage\":\"tr\",\"url\":\"https:\/\/senvakum.com\/wp-content\/uploads\/2018\/11\/sen-plastik.png\",\"contentUrl\":\"https:\/\/senvakum.com\/wp-content\/uploads\/2018\/11\/sen-plastik.png\",\"width\":1305,\"height\":272,\"caption\":\"\\u015een Vakum\"},\"image\":{\"@id\":\"https:\/\/senvakum.com\/#logo\"}},{\"@type\":\"WebSite\",\"@id\":\"https:\/\/senvakum.com\/#website\",\"url\":\"https:\/\/senvakum.com\/\",\"name\":\"\\u015een Vakum\",\"description\":\"| Plastik Vakum Ambalaj ve Kal\\u0131p San. Tic. Ltd. \\u015eti.\",\"publisher\":{\"@id\":\"https:\/\/senvakum.com\/#organization\"},\"potentialAction\":[{\"@type\":\"SearchAction\",\"target\":{\"@type\":\"EntryPoint\",\"urlTemplate\":\"https:\/\/senvakum.com\/?s={search_term_string}\"},\"query-input\":\"required name=search_term_string\"}],\"inLanguage\":\"tr\"},{\"@type\":\"WebPage\",\"@id\":\"https:\/\/senvakum.com\/index.php\/sen-vakum-galeri\/#webpage\",\"url\":\"https:\/\/senvakum.com\/index.php\/sen-vakum-galeri\/\",\"name\":\"Galeri - \\u015een Vakum\",\"isPartOf\":{\"@id\":\"https:\/\/senvakum.com\/#website\"},\"datePublished\":\"2021-07-02T14:12:12+00:00\",\"dateModified\":\"2021-07-02T14:28:23+00:00\",\"description\":\"Termoform sekt\\u00f6r\\u00fcnde fason ambalaj kal\\u0131p ve m\\u00fc\\u015fteri taleplerine y\\u00f6nelik makine imalat\\u0131nda kaliteyi ve m\\u00fc\\u015fteri memnuniyetini esas al\\u0131p kuruldu\\u011fu g\\u00fcnden itibaren m\\u00fc\\u015fterilere \\u00e7\\u00f6z\\u00fcm orta\\u011f\\u0131 olarak hizmet vermektedir.\",\"breadcrumb\":{\"@id\":\"https:\/\/senvakum.com\/index.php\/sen-vakum-galeri\/#breadcrumb\"},\"inLanguage\":\"tr\",\"potentialAction\":[{\"@type\":\"ReadAction\",\"target\":[\"https:\/\/senvakum.com\/index.php\/sen-vakum-galeri\/\"]}]},{\"@type\":\"BreadcrumbList\",\"@id\":\"https:\/\/senvakum.com\/index.php\/sen-vakum-galeri\/#breadcrumb\",\"itemListElement\":[{\"@type\":\"ListItem\",\"position\":1,\"name\":\"Ana Sayfa\",\"item\":\"https:\/\/senvakum.com\/\"},{\"@type\":\"ListItem\",\"position\":2,\"name\":\"Galeri\"}]}]}<\/script>\r\n<!-- \/ Yoast SEO plugin. -->","_links":{"self":[{"href":"https:\/\/senvakum.com\/index.php\/wp-json\/wp\/v2\/pages\/601"}],"collection":[{"href":"https:\/\/senvakum.com\/index.php\/wp-json\/wp\/v2\/pages"}],"about":[{"href":"https:\/\/senvakum.com\/index.php\/wp-json\/wp\/v2\/types\/page"}],"author":[{"embeddable":true,"href":"https:\/\/senvakum.com\/index.php\/wp-json\/wp\/v2\/users\/1"}],"replies":[{"embeddable":true,"href":"https:\/\/senvakum.com\/index.php\/wp-json\/wp\/v2\/comments?post=601"}],"version-history":[{"count":3,"href":"https:\/\/senvakum.com\/index.php\/wp-json\/wp\/v2\/pages\/601\/revisions"}],"predecessor-version":[{"id":611,"href":"https:\/\/senvakum.com\/index.php\/wp-json\/wp\/v2\/pages\/601\/revisions\/611"}],"wp:attachment":[{"href":"https:\/\/senvakum.com\/index.php\/wp-json\/wp\/v2\/media?parent=601"}],"curies":[{"name":"wp","href":"https:\/\/api.w.org\/{rel}","templated":true}]}}