{"id":489,"date":"2018-11-12T06:31:21","date_gmt":"2018-11-12T03:31:21","guid":{"rendered":"http:\/\/senvakum.com\/?page_id=489"},"modified":"2021-07-02T17:19:11","modified_gmt":"2021-07-02T14:19:11","slug":"tasarim-ve-vakum","status":"publish","type":"page","link":"https:\/\/senvakum.com\/index.php\/tasarim-ve-vakum\/","title":{"rendered":"TASARIMLAR"},"content":{"rendered":"<p>[vc_row][vc_column width=&#8221;1\/2&#8243;][vc_custom_heading text=&#8221;TASARIM VE KALIP&#8221; font_container=&#8221;tag:h2|font_size:18|text_align:left&#8221; google_fonts=&#8221;font_family:Ubuntu%3A300%2C300italic%2Cregular%2Citalic%2C500%2C500italic%2C700%2C700italic|font_style:700%20bold%20regular%3A700%3Anormal&#8221;][vc_column_text]<\/p>\n<div class=\"wpb_wrapper\">\n<p>G\u00fcnl\u00fck hayat\u0131m\u0131za giren neredeyse her \u00fcr\u00fcn i\u00e7in haz\u0131rlanmas\u0131 gereken kal\u0131plar, modern teknolojilerin yard\u0131m\u0131yla tamamlan\u0131r. \u0130htiya\u00e7 duyulan her \u00fcr\u00fcn i\u00e7in bir tasar\u0131m ve kal\u0131p \u00fcretimi gerekmektedir. Yap\u0131lan \u00e7al\u0131\u015fman\u0131n titizli\u011fi \u00fcr\u00fcn\u00fcn kullan\u0131\u015fl\u0131 ve kaliteli olmas\u0131 ile do\u011fru orant\u0131l\u0131d\u0131r. \u2018\u2019 Vakum ambalaj \u2018\u2019 konusunda\u00a0firmam\u0131z bug\u00fcn ortaya \u00e7\u0131kard\u0131\u011f\u0131 i\u015flerle \u00f6v\u00fcnmekte ve \u00e7al\u0131\u015fmalar\u0131na daha da \u00f6zenle devam etmektedir. Sekt\u00f6rdeki ba\u015far\u0131m\u0131z\u0131<\/p>\n<ul>\n<li>\u0130\u015f ortaklar\u0131m\u0131z\u0131 dinlemeye,<\/li>\n<li>Do\u011fru anlamaya ve<\/li>\n<li>\u0130htiya\u00e7lar\u0131 do\u011frultusunda \u00e7\u00f6z\u00fcmler \u00fcretmeye bor\u00e7luyuz.<\/li>\n<\/ul>\n<\/div>\n<p>[\/vc_column_text][\/vc_column][vc_column width=&#8221;1\/2&#8243;][vc_single_image image=&#8221;500&#8243; img_size=&#8221;full&#8221;][\/vc_column][\/vc_row][vc_row][vc_column width=&#8221;1\/2&#8243;][vc_single_image image=&#8221;506&#8243; img_size=&#8221;full&#8221;][\/vc_column][vc_column width=&#8221;1\/2&#8243;][vc_single_image image=&#8221;505&#8243; img_size=&#8221;full&#8221;][vc_custom_heading text=&#8221;DO\u011eRU KALIBIN \u00d6NEM\u0130&#8221; font_container=&#8221;tag:h2|font_size:18|text_align:left&#8221; google_fonts=&#8221;font_family:Ubuntu%3A300%2C300italic%2Cregular%2Citalic%2C500%2C500italic%2C700%2C700italic|font_style:700%20bold%20regular%3A700%3Anormal&#8221;][vc_column_text]<\/p>\n<div class=\"wpb_wrapper\">\n<p>Tasar\u0131m\u0131 yap\u0131lan \u00fcr\u00fcn\u00fcn hedeflenen \u015fekilde kullan\u0131labilmesini sa\u011flayacak tek kanal kal\u0131p i\u015fidir. Burada y\u00fcr\u00fct\u00fclecek \u00f6zenli \u00e7al\u0131\u015fmalar ve do\u011fru malzeme se\u00e7imi i\u015fin ba\u015ftan sona do\u011fru ilerlemesini sa\u011flayacakt\u0131r.<\/p>\n<ul>\n<li style=\"list-style-type: none;\">\n<ul>\n<li>\u00d6l\u00e7\u00fc taml\u0131\u011f\u0131,<\/li>\n<li>Zaman\u0131nda teslimat,<\/li>\n<li>Malzeme tasarrufu,<\/li>\n<li>\u0130\u015f\u00e7ilik maliyetlerinin alt seviyelere d\u00fc\u015fmesi do\u011fru kal\u0131b\u0131n sa\u011flad\u0131\u011f\u0131 avantajlar aras\u0131nda say\u0131labilir.<\/li>\n<\/ul>\n<\/li>\n<\/ul>\n<p>Arge ve tasar\u0131m ekiplerimiz \u015firket b\u00fcnyesinde \u00e7al\u0131\u015fmaktad\u0131r. Bu hizmet i\u00e7in d\u0131\u015far\u0131dan destek almay\u0131z. Ba\u015far\u0131m\u0131z m\u00fc\u015fterilerimizin taleplerini do\u011fru anlamak ve bu tespitleri hayata ge\u00e7irebilme kabiliyetimizde yatmaktad\u0131r. Tasar\u0131m ve kal\u0131p \u00fcretimi esnas\u0131nda malzeme se\u00e7iminde g\u00f6sterdi\u011fimiz titiz \u00e7al\u0131\u015fmalar sayesinde ortaya d\u00fc\u015f\u00fck maliyetli ve hedeflenen modeller \u00e7\u0131kar.<\/p>\n<\/div>\n<p>[\/vc_column_text][\/vc_column][\/vc_row]<\/p>\n","protected":false},"excerpt":{"rendered":"<p>[vc_row][vc_column width=&#8221;1\/2&#8243;][vc_custom_heading text=&#8221;TASARIM VE KALIP&#8221; font_container=&#8221;tag:h2|font_size:18|text_align:left&#8221; google_fonts=&#8221;font_family:Ubuntu%3A300%2C300italic%2Cregular%2Citalic%2C500%2C500italic%2C700%2C700italic|font_style:700%20bold%20regular%3A700%3Anormal&#8221;][vc_column_text] G\u00fcnl\u00fck hayat\u0131m\u0131za giren neredeyse her \u00fcr\u00fcn i\u00e7in haz\u0131rlanmas\u0131 gereken kal\u0131plar, modern teknolojilerin yard\u0131m\u0131yla tamamlan\u0131r. \u0130htiya\u00e7 duyulan her \u00fcr\u00fcn i\u00e7in bir tasar\u0131m ve kal\u0131p \u00fcretimi gerekmektedir. Yap\u0131lan \u00e7al\u0131\u015fman\u0131n titizli\u011fi \u00fcr\u00fcn\u00fcn kullan\u0131\u015fl\u0131 ve kaliteli olmas\u0131 ile do\u011fru orant\u0131l\u0131d\u0131r. \u2018\u2019 Vakum ambalaj \u2018\u2019 konusunda\u00a0firmam\u0131z bug\u00fcn ortaya \u00e7\u0131kard\u0131\u011f\u0131 i\u015flerle \u00f6v\u00fcnmekte ve \u00e7al\u0131\u015fmalar\u0131na [&hellip;]<\/p>\n","protected":false},"author":1,"featured_media":0,"parent":0,"menu_order":0,"comment_status":"closed","ping_status":"closed","template":"","meta":[],"yoast_head":"<!-- This site is optimized with the Yoast SEO plugin v16.6.1 - https:\/\/yoast.com\/wordpress\/plugins\/seo\/ -->\r\n<title>TASARIMLAR - \u015een Vakum<\/title>\r\n<meta name=\"description\" content=\"Termoform sekt\u00f6r\u00fcnde fason ambalaj kal\u0131p ve m\u00fc\u015fteri taleplerine y\u00f6nelik makine imalat\u0131nda kaliteyi ve m\u00fc\u015fteri memnuniyetini esas al\u0131p kuruldu\u011fu g\u00fcnden itibaren m\u00fc\u015fterilere \u00e7\u00f6z\u00fcm orta\u011f\u0131 olarak hizmet vermektedir.\" \/>\r\n<meta name=\"robots\" content=\"index, follow, max-snippet:-1, max-image-preview:large, max-video-preview:-1\" \/>\r\n<link rel=\"canonical\" href=\"https:\/\/senvakum.com\/index.php\/tasarim-ve-vakum\/\" \/>\r\n<meta property=\"og:locale\" content=\"tr_TR\" \/>\r\n<meta property=\"og:type\" content=\"article\" \/>\r\n<meta property=\"og:title\" content=\"TASARIMLAR - \u015een Vakum\" \/>\r\n<meta property=\"og:description\" content=\"Termoform sekt\u00f6r\u00fcnde fason ambalaj kal\u0131p ve m\u00fc\u015fteri taleplerine y\u00f6nelik makine imalat\u0131nda kaliteyi ve m\u00fc\u015fteri memnuniyetini esas al\u0131p kuruldu\u011fu g\u00fcnden itibaren m\u00fc\u015fterilere \u00e7\u00f6z\u00fcm orta\u011f\u0131 olarak hizmet vermektedir.\" \/>\r\n<meta property=\"og:url\" content=\"https:\/\/senvakum.com\/index.php\/tasarim-ve-vakum\/\" \/>\r\n<meta property=\"og:site_name\" content=\"\u015een Vakum\" \/>\r\n<meta property=\"article:modified_time\" content=\"2021-07-02T14:19:11+00:00\" \/>\r\n<meta name=\"twitter:card\" content=\"summary_large_image\" \/>\r\n<meta name=\"twitter:label1\" content=\"Tahmini okuma s\u00fcresi\" \/>\n\t<meta name=\"twitter:data1\" content=\"2 dakika\" \/>\r\n<script type=\"application\/ld+json\" class=\"yoast-schema-graph\">{\"@context\":\"https:\/\/schema.org\",\"@graph\":[{\"@type\":\"Organization\",\"@id\":\"https:\/\/senvakum.com\/#organization\",\"name\":\"\\u015een Vakum\",\"url\":\"https:\/\/senvakum.com\/\",\"sameAs\":[],\"logo\":{\"@type\":\"ImageObject\",\"@id\":\"https:\/\/senvakum.com\/#logo\",\"inLanguage\":\"tr\",\"url\":\"https:\/\/senvakum.com\/wp-content\/uploads\/2018\/11\/sen-plastik.png\",\"contentUrl\":\"https:\/\/senvakum.com\/wp-content\/uploads\/2018\/11\/sen-plastik.png\",\"width\":1305,\"height\":272,\"caption\":\"\\u015een Vakum\"},\"image\":{\"@id\":\"https:\/\/senvakum.com\/#logo\"}},{\"@type\":\"WebSite\",\"@id\":\"https:\/\/senvakum.com\/#website\",\"url\":\"https:\/\/senvakum.com\/\",\"name\":\"\\u015een Vakum\",\"description\":\"| Plastik Vakum Ambalaj ve Kal\\u0131p San. Tic. Ltd. \\u015eti.\",\"publisher\":{\"@id\":\"https:\/\/senvakum.com\/#organization\"},\"potentialAction\":[{\"@type\":\"SearchAction\",\"target\":{\"@type\":\"EntryPoint\",\"urlTemplate\":\"https:\/\/senvakum.com\/?s={search_term_string}\"},\"query-input\":\"required name=search_term_string\"}],\"inLanguage\":\"tr\"},{\"@type\":\"WebPage\",\"@id\":\"https:\/\/senvakum.com\/index.php\/tasarim-ve-vakum\/#webpage\",\"url\":\"https:\/\/senvakum.com\/index.php\/tasarim-ve-vakum\/\",\"name\":\"TASARIMLAR - \\u015een Vakum\",\"isPartOf\":{\"@id\":\"https:\/\/senvakum.com\/#website\"},\"datePublished\":\"2018-11-12T03:31:21+00:00\",\"dateModified\":\"2021-07-02T14:19:11+00:00\",\"description\":\"Termoform sekt\\u00f6r\\u00fcnde fason ambalaj kal\\u0131p ve m\\u00fc\\u015fteri taleplerine y\\u00f6nelik makine imalat\\u0131nda kaliteyi ve m\\u00fc\\u015fteri memnuniyetini esas al\\u0131p kuruldu\\u011fu g\\u00fcnden itibaren m\\u00fc\\u015fterilere \\u00e7\\u00f6z\\u00fcm orta\\u011f\\u0131 olarak hizmet vermektedir.\",\"breadcrumb\":{\"@id\":\"https:\/\/senvakum.com\/index.php\/tasarim-ve-vakum\/#breadcrumb\"},\"inLanguage\":\"tr\",\"potentialAction\":[{\"@type\":\"ReadAction\",\"target\":[\"https:\/\/senvakum.com\/index.php\/tasarim-ve-vakum\/\"]}]},{\"@type\":\"BreadcrumbList\",\"@id\":\"https:\/\/senvakum.com\/index.php\/tasarim-ve-vakum\/#breadcrumb\",\"itemListElement\":[{\"@type\":\"ListItem\",\"position\":1,\"name\":\"Ana Sayfa\",\"item\":\"https:\/\/senvakum.com\/\"},{\"@type\":\"ListItem\",\"position\":2,\"name\":\"TASARIMLAR\"}]}]}<\/script>\r\n<!-- \/ Yoast SEO plugin. -->","_links":{"self":[{"href":"https:\/\/senvakum.com\/index.php\/wp-json\/wp\/v2\/pages\/489"}],"collection":[{"href":"https:\/\/senvakum.com\/index.php\/wp-json\/wp\/v2\/pages"}],"about":[{"href":"https:\/\/senvakum.com\/index.php\/wp-json\/wp\/v2\/types\/page"}],"author":[{"embeddable":true,"href":"https:\/\/senvakum.com\/index.php\/wp-json\/wp\/v2\/users\/1"}],"replies":[{"embeddable":true,"href":"https:\/\/senvakum.com\/index.php\/wp-json\/wp\/v2\/comments?post=489"}],"version-history":[{"count":14,"href":"https:\/\/senvakum.com\/index.php\/wp-json\/wp\/v2\/pages\/489\/revisions"}],"predecessor-version":[{"id":608,"href":"https:\/\/senvakum.com\/index.php\/wp-json\/wp\/v2\/pages\/489\/revisions\/608"}],"wp:attachment":[{"href":"https:\/\/senvakum.com\/index.php\/wp-json\/wp\/v2\/media?parent=489"}],"curies":[{"name":"wp","href":"https:\/\/api.w.org\/{rel}","templated":true}]}}