{"id":199,"date":"2016-11-14T15:10:12","date_gmt":"2016-11-14T12:10:12","guid":{"rendered":"http:\/\/iwebdc.com\/demo\/ostrya\/?page_id=199"},"modified":"2021-07-02T17:19:59","modified_gmt":"2021-07-02T14:19:59","slug":"hizmetler","status":"publish","type":"page","link":"https:\/\/senvakum.com\/index.php\/hizmetler\/","title":{"rendered":"Hizmetler"},"content":{"rendered":"<p>[vc_row][vc_column][vc_custom_heading text=&#8221;Hizmet Alanlar\u0131m\u0131z&#8221; google_fonts=&#8221;font_family:Monda%3Aregular%2C700|font_style:700%20bold%20regular%3A700%3Anormal&#8221;][vc_column_text]Hizmet verdi\u011fimiz alanlar\u0131 sekt\u00f6rel bazl\u0131 olarak s\u0131ralamam\u0131z gerekirse a\u015fa\u011f\u0131da ki gibidir.<\/p>\n<ul>\n<li>Z\u00fcccaciye<\/li>\n<li>Elektronik<\/li>\n<li>Oyuncak<\/li>\n<li>K\u0131rtasiye<\/li>\n<li>H\u0131rdavat<\/li>\n<li>G\u0131da<\/li>\n<li>Hediyelik<\/li>\n<li>Otomotiv<\/li>\n<\/ul>\n<p>[\/vc_column_text][\/vc_column][\/vc_row]<\/p>\n","protected":false},"excerpt":{"rendered":"<p>[vc_row][vc_column][vc_custom_heading text=&#8221;Hizmet Alanlar\u0131m\u0131z&#8221; google_fonts=&#8221;font_family:Monda%3Aregular%2C700|font_style:700%20bold%20regular%3A700%3Anormal&#8221;][vc_column_text]Hizmet verdi\u011fimiz alanlar\u0131 sekt\u00f6rel bazl\u0131 olarak s\u0131ralamam\u0131z gerekirse a\u015fa\u011f\u0131da ki gibidir. Z\u00fcccaciye Elektronik Oyuncak K\u0131rtasiye H\u0131rdavat G\u0131da Hediyelik Otomotiv [\/vc_column_text][\/vc_column][\/vc_row]<\/p>\n","protected":false},"author":1,"featured_media":0,"parent":0,"menu_order":0,"comment_status":"closed","ping_status":"closed","template":"","meta":[],"yoast_head":"<!-- This site is optimized with the Yoast SEO plugin v16.6.1 - https:\/\/yoast.com\/wordpress\/plugins\/seo\/ -->\r\n<title>Hizmetler - \u015een Vakum<\/title>\r\n<meta name=\"description\" content=\"Termoform sekt\u00f6r\u00fcnde fason ambalaj kal\u0131p ve m\u00fc\u015fteri taleplerine y\u00f6nelik makine imalat\u0131nda kaliteyi ve m\u00fc\u015fteri memnuniyetini esas al\u0131p kuruldu\u011fu g\u00fcnden itibaren m\u00fc\u015fterilere \u00e7\u00f6z\u00fcm orta\u011f\u0131 olarak hizmet vermektedir.\" \/>\r\n<meta name=\"robots\" content=\"index, follow, max-snippet:-1, max-image-preview:large, max-video-preview:-1\" \/>\r\n<link rel=\"canonical\" href=\"https:\/\/senvakum.com\/index.php\/hizmetler\/\" \/>\r\n<meta property=\"og:locale\" content=\"tr_TR\" \/>\r\n<meta property=\"og:type\" content=\"article\" \/>\r\n<meta property=\"og:title\" content=\"Hizmetler - \u015een Vakum\" \/>\r\n<meta property=\"og:description\" content=\"Termoform sekt\u00f6r\u00fcnde fason ambalaj kal\u0131p ve m\u00fc\u015fteri taleplerine y\u00f6nelik makine imalat\u0131nda kaliteyi ve m\u00fc\u015fteri memnuniyetini esas al\u0131p kuruldu\u011fu g\u00fcnden itibaren m\u00fc\u015fterilere \u00e7\u00f6z\u00fcm orta\u011f\u0131 olarak hizmet vermektedir.\" \/>\r\n<meta property=\"og:url\" content=\"https:\/\/senvakum.com\/index.php\/hizmetler\/\" \/>\r\n<meta property=\"og:site_name\" content=\"\u015een Vakum\" \/>\r\n<meta property=\"article:modified_time\" content=\"2021-07-02T14:19:59+00:00\" \/>\r\n<meta name=\"twitter:card\" content=\"summary_large_image\" \/>\r\n<meta name=\"twitter:label1\" content=\"Tahmini okuma s\u00fcresi\" \/>\n\t<meta name=\"twitter:data1\" content=\"1 dakika\" \/>\r\n<script type=\"application\/ld+json\" class=\"yoast-schema-graph\">{\"@context\":\"https:\/\/schema.org\",\"@graph\":[{\"@type\":\"Organization\",\"@id\":\"https:\/\/senvakum.com\/#organization\",\"name\":\"\\u015een Vakum\",\"url\":\"https:\/\/senvakum.com\/\",\"sameAs\":[],\"logo\":{\"@type\":\"ImageObject\",\"@id\":\"https:\/\/senvakum.com\/#logo\",\"inLanguage\":\"tr\",\"url\":\"https:\/\/senvakum.com\/wp-content\/uploads\/2018\/11\/sen-plastik.png\",\"contentUrl\":\"https:\/\/senvakum.com\/wp-content\/uploads\/2018\/11\/sen-plastik.png\",\"width\":1305,\"height\":272,\"caption\":\"\\u015een Vakum\"},\"image\":{\"@id\":\"https:\/\/senvakum.com\/#logo\"}},{\"@type\":\"WebSite\",\"@id\":\"https:\/\/senvakum.com\/#website\",\"url\":\"https:\/\/senvakum.com\/\",\"name\":\"\\u015een Vakum\",\"description\":\"| Plastik Vakum Ambalaj ve Kal\\u0131p San. Tic. Ltd. \\u015eti.\",\"publisher\":{\"@id\":\"https:\/\/senvakum.com\/#organization\"},\"potentialAction\":[{\"@type\":\"SearchAction\",\"target\":{\"@type\":\"EntryPoint\",\"urlTemplate\":\"https:\/\/senvakum.com\/?s={search_term_string}\"},\"query-input\":\"required name=search_term_string\"}],\"inLanguage\":\"tr\"},{\"@type\":\"WebPage\",\"@id\":\"https:\/\/senvakum.com\/index.php\/hizmetler\/#webpage\",\"url\":\"https:\/\/senvakum.com\/index.php\/hizmetler\/\",\"name\":\"Hizmetler - \\u015een Vakum\",\"isPartOf\":{\"@id\":\"https:\/\/senvakum.com\/#website\"},\"datePublished\":\"2016-11-14T12:10:12+00:00\",\"dateModified\":\"2021-07-02T14:19:59+00:00\",\"description\":\"Termoform sekt\\u00f6r\\u00fcnde fason ambalaj kal\\u0131p ve m\\u00fc\\u015fteri taleplerine y\\u00f6nelik makine imalat\\u0131nda kaliteyi ve m\\u00fc\\u015fteri memnuniyetini esas al\\u0131p kuruldu\\u011fu g\\u00fcnden itibaren m\\u00fc\\u015fterilere \\u00e7\\u00f6z\\u00fcm orta\\u011f\\u0131 olarak hizmet vermektedir.\",\"breadcrumb\":{\"@id\":\"https:\/\/senvakum.com\/index.php\/hizmetler\/#breadcrumb\"},\"inLanguage\":\"tr\",\"potentialAction\":[{\"@type\":\"ReadAction\",\"target\":[\"https:\/\/senvakum.com\/index.php\/hizmetler\/\"]}]},{\"@type\":\"BreadcrumbList\",\"@id\":\"https:\/\/senvakum.com\/index.php\/hizmetler\/#breadcrumb\",\"itemListElement\":[{\"@type\":\"ListItem\",\"position\":1,\"name\":\"Ana Sayfa\",\"item\":\"https:\/\/senvakum.com\/\"},{\"@type\":\"ListItem\",\"position\":2,\"name\":\"Hizmetler\"}]}]}<\/script>\r\n<!-- \/ Yoast SEO plugin. -->","_links":{"self":[{"href":"https:\/\/senvakum.com\/index.php\/wp-json\/wp\/v2\/pages\/199"}],"collection":[{"href":"https:\/\/senvakum.com\/index.php\/wp-json\/wp\/v2\/pages"}],"about":[{"href":"https:\/\/senvakum.com\/index.php\/wp-json\/wp\/v2\/types\/page"}],"author":[{"embeddable":true,"href":"https:\/\/senvakum.com\/index.php\/wp-json\/wp\/v2\/users\/1"}],"replies":[{"embeddable":true,"href":"https:\/\/senvakum.com\/index.php\/wp-json\/wp\/v2\/comments?post=199"}],"version-history":[{"count":6,"href":"https:\/\/senvakum.com\/index.php\/wp-json\/wp\/v2\/pages\/199\/revisions"}],"predecessor-version":[{"id":609,"href":"https:\/\/senvakum.com\/index.php\/wp-json\/wp\/v2\/pages\/199\/revisions\/609"}],"wp:attachment":[{"href":"https:\/\/senvakum.com\/index.php\/wp-json\/wp\/v2\/media?parent=199"}],"curies":[{"name":"wp","href":"https:\/\/api.w.org\/{rel}","templated":true}]}}