{"id":185,"date":"2016-11-14T15:04:01","date_gmt":"2016-11-14T15:04:01","guid":{"rendered":"http:\/\/iwebdc.com\/demo\/ostrya\/?page_id=185"},"modified":"2018-11-15T08:54:03","modified_gmt":"2018-11-15T06:54:03","slug":"hakkimizda","status":"publish","type":"page","link":"https:\/\/senvakum.com\/index.php\/pages\/hakkimizda\/","title":{"rendered":"Hakk\u0131m\u0131zda"},"content":{"rendered":"<p>[vc_row css=&#8221;.vc_custom_1471341324435{margin-bottom: 0px !important;padding-top: 60px !important;padding-bottom: 0px !important;}&#8221;][vc_column][vc_row_inner css=&#8221;.vc_custom_1471340985552{background-color: #f5f5f5 !important;}&#8221;][vc_column_inner width=&#8221;1\/2&#8243; css=&#8221;.vc_custom_1471344060315{margin-bottom: 0px !important;padding-top: 10% !important;padding-right: 10% !important;padding-bottom: 10% !important;padding-left: 10% !important;}&#8221;][wdc_heading title=&#8221;Hakk\u0131m\u0131zda&#8221;]\u015een vakum farkl\u0131 kullan\u0131m alanlar\u0131 ve sekt\u00f6rler i\u00e7in thermoform y\u00f6ntemiyle \u00fcretim yapar; \u00dcr\u00fcnler i\u00e7in gerekli dizayn\u0131 b\u00fcnyesindeki uzman tasar\u0131m ekibi ile \u00fcr\u00fcn geometrisi esas al\u0131narak CNC\u2019deki i\u015fleme merkezinde kal\u0131plara uygulanarak yarat\u0131lmaktad\u0131r.<\/p>\n<p>\u00c7al\u0131\u015fmalar\u0131n\u0131z imalata g\u00f6nderilmeden \u00f6nce sizlere 3 boyutlu sunum yap\u0131larak, onay\u0131n\u0131z neticesinde i\u015fleme al\u0131nmaktad\u0131r. [\/wdc_heading][\/vc_column_inner][vc_column_inner width=&#8221;1\/2&#8243; css=&#8221;.vc_custom_1471344135554{margin: 0px !important;padding: 0px !important;}&#8221;][vc_single_image image=&#8221;46&#8243; img_size=&#8221;full&#8221; css=&#8221;.vc_custom_1479135758019{margin-bottom: 0px !important;}&#8221;][\/vc_column_inner][\/vc_row_inner][\/vc_column][\/vc_row]<\/p>\n","protected":false},"excerpt":{"rendered":"<p>[vc_row css=&#8221;.vc_custom_1471341324435{margin-bottom: 0px !important;padding-top: 60px !important;padding-bottom: 0px !important;}&#8221;][vc_column][vc_row_inner css=&#8221;.vc_custom_1471340985552{background-color: #f5f5f5 !important;}&#8221;][vc_column_inner width=&#8221;1\/2&#8243; css=&#8221;.vc_custom_1471344060315{margin-bottom: 0px !important;padding-top: 10% !important;padding-right: 10% !important;padding-bottom: 10% !important;padding-left: 10% !important;}&#8221;][wdc_heading title=&#8221;Hakk\u0131m\u0131zda&#8221;]\u015een vakum farkl\u0131 kullan\u0131m alanlar\u0131 ve sekt\u00f6rler i\u00e7in thermoform y\u00f6ntemiyle \u00fcretim yapar; \u00dcr\u00fcnler i\u00e7in gerekli dizayn\u0131 b\u00fcnyesindeki uzman tasar\u0131m ekibi ile \u00fcr\u00fcn geometrisi esas al\u0131narak CNC\u2019deki i\u015fleme merkezinde kal\u0131plara uygulanarak yarat\u0131lmaktad\u0131r. \u00c7al\u0131\u015fmalar\u0131n\u0131z [&hellip;]<\/p>\n","protected":false},"author":1,"featured_media":0,"parent":183,"menu_order":0,"comment_status":"closed","ping_status":"closed","template":"","meta":[],"yoast_head":"<!-- This site is optimized with the Yoast SEO plugin v16.6.1 - https:\/\/yoast.com\/wordpress\/plugins\/seo\/ -->\r\n<title>Hakk\u0131m\u0131zda - \u015een Vakum<\/title>\r\n<meta name=\"description\" content=\"Termoform sekt\u00f6r\u00fcnde fason ambalaj kal\u0131p ve m\u00fc\u015fteri taleplerine y\u00f6nelik makine imalat\u0131nda kaliteyi ve m\u00fc\u015fteri memnuniyetini esas al\u0131p kuruldu\u011fu g\u00fcnden itibaren m\u00fc\u015fterilere \u00e7\u00f6z\u00fcm orta\u011f\u0131 olarak hizmet vermektedir.\" \/>\r\n<meta name=\"robots\" content=\"index, follow, max-snippet:-1, max-image-preview:large, max-video-preview:-1\" \/>\r\n<link rel=\"canonical\" href=\"https:\/\/senvakum.com\/index.php\/pages\/hakkimizda\/\" \/>\r\n<meta property=\"og:locale\" content=\"tr_TR\" \/>\r\n<meta property=\"og:type\" content=\"article\" \/>\r\n<meta property=\"og:title\" content=\"Hakk\u0131m\u0131zda - \u015een Vakum\" \/>\r\n<meta property=\"og:description\" content=\"Termoform sekt\u00f6r\u00fcnde fason ambalaj kal\u0131p ve m\u00fc\u015fteri taleplerine y\u00f6nelik makine imalat\u0131nda kaliteyi ve m\u00fc\u015fteri memnuniyetini esas al\u0131p kuruldu\u011fu g\u00fcnden itibaren m\u00fc\u015fterilere \u00e7\u00f6z\u00fcm orta\u011f\u0131 olarak hizmet vermektedir.\" \/>\r\n<meta property=\"og:url\" content=\"https:\/\/senvakum.com\/index.php\/pages\/hakkimizda\/\" \/>\r\n<meta property=\"og:site_name\" content=\"\u015een Vakum\" \/>\r\n<meta property=\"article:modified_time\" content=\"2018-11-15T06:54:03+00:00\" \/>\r\n<meta name=\"twitter:card\" content=\"summary_large_image\" \/>\r\n<meta name=\"twitter:label1\" content=\"Tahmini okuma s\u00fcresi\" \/>\n\t<meta name=\"twitter:data1\" content=\"1 dakika\" \/>\r\n<script type=\"application\/ld+json\" class=\"yoast-schema-graph\">{\"@context\":\"https:\/\/schema.org\",\"@graph\":[{\"@type\":\"Organization\",\"@id\":\"https:\/\/senvakum.com\/#organization\",\"name\":\"\\u015een Vakum\",\"url\":\"https:\/\/senvakum.com\/\",\"sameAs\":[],\"logo\":{\"@type\":\"ImageObject\",\"@id\":\"https:\/\/senvakum.com\/#logo\",\"inLanguage\":\"tr\",\"url\":\"https:\/\/senvakum.com\/wp-content\/uploads\/2018\/11\/sen-plastik.png\",\"contentUrl\":\"https:\/\/senvakum.com\/wp-content\/uploads\/2018\/11\/sen-plastik.png\",\"width\":1305,\"height\":272,\"caption\":\"\\u015een Vakum\"},\"image\":{\"@id\":\"https:\/\/senvakum.com\/#logo\"}},{\"@type\":\"WebSite\",\"@id\":\"https:\/\/senvakum.com\/#website\",\"url\":\"https:\/\/senvakum.com\/\",\"name\":\"\\u015een Vakum\",\"description\":\"| Plastik Vakum Ambalaj ve Kal\\u0131p San. Tic. Ltd. \\u015eti.\",\"publisher\":{\"@id\":\"https:\/\/senvakum.com\/#organization\"},\"potentialAction\":[{\"@type\":\"SearchAction\",\"target\":{\"@type\":\"EntryPoint\",\"urlTemplate\":\"https:\/\/senvakum.com\/?s={search_term_string}\"},\"query-input\":\"required name=search_term_string\"}],\"inLanguage\":\"tr\"},{\"@type\":\"WebPage\",\"@id\":\"https:\/\/senvakum.com\/index.php\/pages\/hakkimizda\/#webpage\",\"url\":\"https:\/\/senvakum.com\/index.php\/pages\/hakkimizda\/\",\"name\":\"Hakk\\u0131m\\u0131zda - \\u015een Vakum\",\"isPartOf\":{\"@id\":\"https:\/\/senvakum.com\/#website\"},\"datePublished\":\"2016-11-14T15:04:01+00:00\",\"dateModified\":\"2018-11-15T06:54:03+00:00\",\"description\":\"Termoform sekt\\u00f6r\\u00fcnde fason ambalaj kal\\u0131p ve m\\u00fc\\u015fteri taleplerine y\\u00f6nelik makine imalat\\u0131nda kaliteyi ve m\\u00fc\\u015fteri memnuniyetini esas al\\u0131p kuruldu\\u011fu g\\u00fcnden itibaren m\\u00fc\\u015fterilere \\u00e7\\u00f6z\\u00fcm orta\\u011f\\u0131 olarak hizmet vermektedir.\",\"breadcrumb\":{\"@id\":\"https:\/\/senvakum.com\/index.php\/pages\/hakkimizda\/#breadcrumb\"},\"inLanguage\":\"tr\",\"potentialAction\":[{\"@type\":\"ReadAction\",\"target\":[\"https:\/\/senvakum.com\/index.php\/pages\/hakkimizda\/\"]}]},{\"@type\":\"BreadcrumbList\",\"@id\":\"https:\/\/senvakum.com\/index.php\/pages\/hakkimizda\/#breadcrumb\",\"itemListElement\":[{\"@type\":\"ListItem\",\"position\":1,\"name\":\"Ana Sayfa\",\"item\":\"https:\/\/senvakum.com\/\"},{\"@type\":\"ListItem\",\"position\":2,\"name\":\"Pages\",\"item\":\"https:\/\/senvakum.com\/index.php\/pages\/\"},{\"@type\":\"ListItem\",\"position\":3,\"name\":\"Hakk\\u0131m\\u0131zda\"}]}]}<\/script>\r\n<!-- \/ Yoast SEO plugin. -->","_links":{"self":[{"href":"https:\/\/senvakum.com\/index.php\/wp-json\/wp\/v2\/pages\/185"}],"collection":[{"href":"https:\/\/senvakum.com\/index.php\/wp-json\/wp\/v2\/pages"}],"about":[{"href":"https:\/\/senvakum.com\/index.php\/wp-json\/wp\/v2\/types\/page"}],"author":[{"embeddable":true,"href":"https:\/\/senvakum.com\/index.php\/wp-json\/wp\/v2\/users\/1"}],"replies":[{"embeddable":true,"href":"https:\/\/senvakum.com\/index.php\/wp-json\/wp\/v2\/comments?post=185"}],"version-history":[{"count":4,"href":"https:\/\/senvakum.com\/index.php\/wp-json\/wp\/v2\/pages\/185\/revisions"}],"predecessor-version":[{"id":551,"href":"https:\/\/senvakum.com\/index.php\/wp-json\/wp\/v2\/pages\/185\/revisions\/551"}],"up":[{"embeddable":true,"href":"https:\/\/senvakum.com\/index.php\/wp-json\/wp\/v2\/pages\/183"}],"wp:attachment":[{"href":"https:\/\/senvakum.com\/index.php\/wp-json\/wp\/v2\/media?parent=185"}],"curies":[{"name":"wp","href":"https:\/\/api.w.org\/{rel}","templated":true}]}}