{"id":173,"date":"2016-11-14T14:57:47","date_gmt":"2016-11-14T14:57:47","guid":{"rendered":"http:\/\/iwebdc.com\/demo\/ostrya\/?page_id=173"},"modified":"2018-11-12T07:46:45","modified_gmt":"2018-11-12T05:46:45","slug":"home","status":"publish","type":"page","link":"https:\/\/senvakum.com\/","title":{"rendered":"Home"},"content":{"rendered":"<p>[vc_row css=&#8221;.vc_custom_1450139176121{margin-top: 0px !important;margin-right: 0px !important;margin-bottom: -35px !important;margin-left: 0px !important;padding-top: 0px !important;padding-right: 0px !important;padding-bottom: 0px !important;padding-left: 0px !important;}&#8221;][vc_column][rev_slider_vc alias=&#8221;wdc-slider-three&#8221;][\/vc_column][\/vc_row][vc_row css=&#8221;.vc_custom_1480690325180{padding-top: 50px !important;}&#8221;][vc_column][vc_row_inner][vc_column_inner][wdc_heading align=&#8221;center&#8221; title=&#8221;Hakk\u0131m\u0131zda&#8221;]\u015een Plastik Vakum ve Amabalaj[\/wdc_heading][\/vc_column_inner][\/vc_row_inner][vc_row_inner][vc_column_inner width=&#8221;1\/3&#8243; css=&#8221;.vc_custom_1480689687153{padding-top: 30px !important;}&#8221;][wdc_icon_box style=&#8221;3&#8243; icon_fontawesome=&#8221;fa fa-info&#8221; title=&#8221;\u015een Vakum&#8221; link_label=&#8221;Detayl\u0131 bilgi&#8221; link_url=&#8221;url:%23|||&#8221;]2012 y\u0131l\u0131ndan itibaren otomotiv, plastik,g\u0131da ,kozmetik ve kal\u0131p sekt\u00f6r\u00fcnde siz de\u011ferli m\u00fc\u015fterilerimize hizmet vermekteyiz.[\/wdc_icon_box][\/vc_column_inner][vc_column_inner width=&#8221;1\/3&#8243; css=&#8221;.vc_custom_1480689694769{padding-top: 30px !important;}&#8221;][wdc_icon_box style=&#8221;3&#8243; icon_fontawesome=&#8221;fa fa-users&#8221; title=&#8221;Termoform&#8221; link_label=&#8221;Detayl\u0131 bilgi&#8221; link_url=&#8221;url:%23|||&#8221;]Yap\u0131labilmesi zor olan Termoform \u015fekillendirmelerle deneyimli ekibimiz, m\u00fc\u015fterilerimizin g\u00fcvenini kazanm\u0131\u015f durumdad\u0131r.[\/wdc_icon_box][\/vc_column_inner][vc_column_inner width=&#8221;1\/3&#8243; css=&#8221;.vc_custom_1480689702123{padding-top: 30px !important;}&#8221;][wdc_icon_box style=&#8221;3&#8243; icon_fontawesome=&#8221;fa fa-handshake-o&#8221; title=&#8221;M\u00fc\u015fteri Memnuniyeti&#8221; link_label=&#8221;Detayl\u0131 bilgi&#8221; link_url=&#8221;url:%23|||&#8221;]Bu \u00fcr\u00fcnler, \u00fcretim yelpazemizin sadece bir b\u00f6l\u00fcm\u00fcn\u00fc olu\u015fturmaktad\u0131r. \u0130htiya\u00e7lar\u0131n\u0131z\u0131 bire bir dinliyor ve size \u00f6zel farkl\u0131 ambalaj \u00e7\u00f6z\u00fcmleri \u00fcretiyoruz.[\/wdc_icon_box][\/vc_column_inner][\/vc_row_inner][\/vc_column][\/vc_row][vc_row css=&#8221;.vc_custom_1471192270839{margin-bottom: 0px !important;padding-top: 60px !important;padding-bottom: 30px !important;}&#8221;][vc_column][vc_row_inner css=&#8221;.vc_custom_1471192675587{margin-bottom: 30px !important;}&#8221;][vc_column_inner width=&#8221;1\/4&#8243;][\/vc_column_inner][vc_column_inner width=&#8221;1\/2&#8243;][wdc_heading align=&#8221;center&#8221; title=&#8221;\u00dcR\u00dcNLER\u0130M\u0130Z&#8221;]\u015een Plastik Vakum Ambalaj[\/wdc_heading][\/vc_column_inner][vc_column_inner width=&#8221;1\/4&#8243;][\/vc_column_inner][\/vc_row_inner][wdc_services style=&#8221;2&#8243; number=&#8221;100&#8243; filter=&#8221;yes&#8221; link_label=&#8221;Detayl\u0131 bilgi&#8221;][\/vc_column][\/vc_row]<\/p>\n","protected":false},"excerpt":{"rendered":"<p>[vc_row css=&#8221;.vc_custom_1450139176121{margin-top: 0px !important;margin-right: 0px !important;margin-bottom: -35px !important;margin-left: 0px !important;padding-top: 0px !important;padding-right: 0px !important;padding-bottom: 0px !important;padding-left: 0px !important;}&#8221;][vc_column][rev_slider_vc alias=&#8221;wdc-slider-three&#8221;][\/vc_column][\/vc_row][vc_row css=&#8221;.vc_custom_1480690325180{padding-top: 50px !important;}&#8221;][vc_column][vc_row_inner][vc_column_inner][wdc_heading align=&#8221;center&#8221; title=&#8221;Hakk\u0131m\u0131zda&#8221;]\u015een Plastik Vakum ve Amabalaj[\/wdc_heading][\/vc_column_inner][\/vc_row_inner][vc_row_inner][vc_column_inner width=&#8221;1\/3&#8243; css=&#8221;.vc_custom_1480689687153{padding-top: 30px !important;}&#8221;][wdc_icon_box style=&#8221;3&#8243; icon_fontawesome=&#8221;fa fa-info&#8221; title=&#8221;\u015een Vakum&#8221; link_label=&#8221;Detayl\u0131 bilgi&#8221; link_url=&#8221;url:%23|||&#8221;]2012 y\u0131l\u0131ndan itibaren otomotiv, plastik,g\u0131da ,kozmetik ve kal\u0131p sekt\u00f6r\u00fcnde siz de\u011ferli m\u00fc\u015fterilerimize hizmet vermekteyiz.[\/wdc_icon_box][\/vc_column_inner][vc_column_inner width=&#8221;1\/3&#8243; css=&#8221;.vc_custom_1480689694769{padding-top: [&hellip;]<\/p>\n","protected":false},"author":1,"featured_media":0,"parent":0,"menu_order":0,"comment_status":"closed","ping_status":"closed","template":"","meta":[],"yoast_head":"<!-- This site is optimized with the Yoast SEO plugin v16.6.1 - https:\/\/yoast.com\/wordpress\/plugins\/seo\/ -->\r\n<title>Home - \u015een Vakum<\/title>\r\n<meta name=\"description\" content=\"Termoform sekt\u00f6r\u00fcnde fason ambalaj kal\u0131p ve m\u00fc\u015fteri taleplerine y\u00f6nelik makine imalat\u0131nda kaliteyi ve m\u00fc\u015fteri memnuniyetini esas al\u0131p kuruldu\u011fu g\u00fcnden itibaren m\u00fc\u015fterilere \u00e7\u00f6z\u00fcm orta\u011f\u0131 olarak hizmet vermektedir.\" \/>\r\n<meta name=\"robots\" content=\"index, follow, max-snippet:-1, max-image-preview:large, max-video-preview:-1\" \/>\r\n<link rel=\"canonical\" href=\"https:\/\/senvakum.com\/\" \/>\r\n<meta property=\"og:locale\" content=\"tr_TR\" \/>\r\n<meta property=\"og:type\" content=\"article\" \/>\r\n<meta property=\"og:title\" content=\"Home - \u015een Vakum\" \/>\r\n<meta property=\"og:description\" content=\"Termoform sekt\u00f6r\u00fcnde fason ambalaj kal\u0131p ve m\u00fc\u015fteri taleplerine y\u00f6nelik makine imalat\u0131nda kaliteyi ve m\u00fc\u015fteri memnuniyetini esas al\u0131p kuruldu\u011fu g\u00fcnden itibaren m\u00fc\u015fterilere \u00e7\u00f6z\u00fcm orta\u011f\u0131 olarak hizmet vermektedir.\" \/>\r\n<meta property=\"og:url\" content=\"https:\/\/senvakum.com\/\" \/>\r\n<meta property=\"og:site_name\" content=\"\u015een Vakum\" \/>\r\n<meta property=\"article:modified_time\" content=\"2018-11-12T05:46:45+00:00\" \/>\r\n<meta name=\"twitter:card\" content=\"summary_large_image\" \/>\r\n<meta name=\"twitter:label1\" content=\"Tahmini okuma s\u00fcresi\" \/>\n\t<meta name=\"twitter:data1\" content=\"2 dakika\" \/>\r\n<script type=\"application\/ld+json\" class=\"yoast-schema-graph\">{\"@context\":\"https:\/\/schema.org\",\"@graph\":[{\"@type\":\"Organization\",\"@id\":\"https:\/\/senvakum.com\/#organization\",\"name\":\"\\u015een Vakum\",\"url\":\"https:\/\/senvakum.com\/\",\"sameAs\":[],\"logo\":{\"@type\":\"ImageObject\",\"@id\":\"https:\/\/senvakum.com\/#logo\",\"inLanguage\":\"tr\",\"url\":\"https:\/\/senvakum.com\/wp-content\/uploads\/2018\/11\/sen-plastik.png\",\"contentUrl\":\"https:\/\/senvakum.com\/wp-content\/uploads\/2018\/11\/sen-plastik.png\",\"width\":1305,\"height\":272,\"caption\":\"\\u015een Vakum\"},\"image\":{\"@id\":\"https:\/\/senvakum.com\/#logo\"}},{\"@type\":\"WebSite\",\"@id\":\"https:\/\/senvakum.com\/#website\",\"url\":\"https:\/\/senvakum.com\/\",\"name\":\"\\u015een Vakum\",\"description\":\"| Plastik Vakum Ambalaj ve Kal\\u0131p San. Tic. Ltd. \\u015eti.\",\"publisher\":{\"@id\":\"https:\/\/senvakum.com\/#organization\"},\"potentialAction\":[{\"@type\":\"SearchAction\",\"target\":{\"@type\":\"EntryPoint\",\"urlTemplate\":\"https:\/\/senvakum.com\/?s={search_term_string}\"},\"query-input\":\"required name=search_term_string\"}],\"inLanguage\":\"tr\"},{\"@type\":\"WebPage\",\"@id\":\"https:\/\/senvakum.com\/#webpage\",\"url\":\"https:\/\/senvakum.com\/\",\"name\":\"Home - \\u015een Vakum\",\"isPartOf\":{\"@id\":\"https:\/\/senvakum.com\/#website\"},\"datePublished\":\"2016-11-14T14:57:47+00:00\",\"dateModified\":\"2018-11-12T05:46:45+00:00\",\"description\":\"Termoform sekt\\u00f6r\\u00fcnde fason ambalaj kal\\u0131p ve m\\u00fc\\u015fteri taleplerine y\\u00f6nelik makine imalat\\u0131nda kaliteyi ve m\\u00fc\\u015fteri memnuniyetini esas al\\u0131p kuruldu\\u011fu g\\u00fcnden itibaren m\\u00fc\\u015fterilere \\u00e7\\u00f6z\\u00fcm orta\\u011f\\u0131 olarak hizmet vermektedir.\",\"breadcrumb\":{\"@id\":\"https:\/\/senvakum.com\/#breadcrumb\"},\"inLanguage\":\"tr\",\"potentialAction\":[{\"@type\":\"ReadAction\",\"target\":[\"https:\/\/senvakum.com\/\"]}]},{\"@type\":\"BreadcrumbList\",\"@id\":\"https:\/\/senvakum.com\/#breadcrumb\",\"itemListElement\":[{\"@type\":\"ListItem\",\"position\":1,\"name\":\"Ana Sayfa\",\"item\":\"https:\/\/senvakum.com\/\"},{\"@type\":\"ListItem\",\"position\":2,\"name\":\"Home\"}]}]}<\/script>\r\n<!-- \/ Yoast SEO plugin. -->","_links":{"self":[{"href":"https:\/\/senvakum.com\/index.php\/wp-json\/wp\/v2\/pages\/173"}],"collection":[{"href":"https:\/\/senvakum.com\/index.php\/wp-json\/wp\/v2\/pages"}],"about":[{"href":"https:\/\/senvakum.com\/index.php\/wp-json\/wp\/v2\/types\/page"}],"author":[{"embeddable":true,"href":"https:\/\/senvakum.com\/index.php\/wp-json\/wp\/v2\/users\/1"}],"replies":[{"embeddable":true,"href":"https:\/\/senvakum.com\/index.php\/wp-json\/wp\/v2\/comments?post=173"}],"version-history":[{"count":14,"href":"https:\/\/senvakum.com\/index.php\/wp-json\/wp\/v2\/pages\/173\/revisions"}],"predecessor-version":[{"id":457,"href":"https:\/\/senvakum.com\/index.php\/wp-json\/wp\/v2\/pages\/173\/revisions\/457"}],"wp:attachment":[{"href":"https:\/\/senvakum.com\/index.php\/wp-json\/wp\/v2\/media?parent=173"}],"curies":[{"name":"wp","href":"https:\/\/api.w.org\/{rel}","templated":true}]}}