{"id":159,"date":"2016-11-14T14:50:55","date_gmt":"2016-11-14T14:50:55","guid":{"rendered":"http:\/\/iwebdc.com\/demo\/ostrya\/?page_id=159"},"modified":"2018-11-12T07:19:12","modified_gmt":"2018-11-12T05:19:12","slug":"iletisim","status":"publish","type":"page","link":"https:\/\/senvakum.com\/index.php\/iletisim\/","title":{"rendered":"\u0130leti\u015fim"},"content":{"rendered":"<p>[vc_row wdc_remove_padding=&#8221;yes&#8221; wdc_full_width=&#8221;2&#8243; css=&#8221;.vc_custom_1444633257299{margin-bottom: 0px !important;}&#8221;][vc_column][vc_gmaps link=&#8221;#E-8_JTNDaWZyYW1lJTIwc3JjJTNEJTIyaHR0cHMlM0ElMkYlMkZ3d3cuZ29vZ2xlLmNvbSUyRm1hcHMlMkZlbWJlZCUzRnBiJTNEJTIxMW0xOCUyMTFtMTIlMjExbTMlMjExZDMwMDguMDAzMDExMjc3MjU0MiUyMTJkMjguNzk3OTc1ODE1ODAxMjA1JTIxM2Q0MS4wNjg5MjY4MjM2Mzg2NyUyMTJtMyUyMTFmMCUyMTJmMCUyMTNmMCUyMTNtMiUyMTFpMTAyNCUyMTJpNzY4JTIxNGYxMy4xJTIxM20zJTIxMW0yJTIxMXMweDE0Y2FhNTkwNjZlNjdhYmQlMjUzQTB4ZGI3NzZmMmNiYzRiODllMCUyMTJ6V21sNVlXZkR0bXRoYkhBZ1RXRm9ZV3hzWlhOcExDQk5aWFJoYkNERXNNV2ZJRk5oYm1GNWFTQlRhWFJsYzJrZ1dXOXNkU0JPYnpvMU15d2dNelEwT1RBZ3hMQnJhWFJsYkd4cElFOXpZaTlDWWNXZllXdkZuMlZvYVhJdnhMQnpkR0Z1WW5WcyUyMTVlMCUyMTNtMiUyMTFzZW4lMjEyc3RyJTIxNHYxNTQyMDA5MTUzMDQwJTIyJTIwd2lkdGglM0QlMjI2MDAlMjIlMjBoZWlnaHQlM0QlMjI0NTAlMjIlMjBmcmFtZWJvcmRlciUzRCUyMjAlMjIlMjBzdHlsZSUzRCUyMmJvcmRlciUzQTAlMjIlMjBhbGxvd2Z1bGxzY3JlZW4lM0UlM0MlMkZpZnJhbWUlM0U=&#8221; css=&#8221;.vc_custom_1542009164163{margin-bottom: 0px !important;}&#8221;][\/vc_column][\/vc_row][vc_row css=&#8221;.vc_custom_1451525930914{margin-bottom: 0px !important;padding-top: 80px !important;padding-bottom: 60px !important;}&#8221;][vc_column width=&#8221;2\/3&#8243;][wdc_heading title=&#8221;\u0130leti\u015fim Formu&#8221;][\/wdc_heading]<div role=\"form\" class=\"wpcf7\" id=\"wpcf7-f263-o1\" lang=\"en-US\" dir=\"ltr\">\n<div class=\"screen-reader-response\"><\/div>\n<form action=\"\/index.php\/wp-json\/wp\/v2\/pages\/159#wpcf7-f263-o1\" method=\"post\" class=\"wpcf7-form\" novalidate=\"novalidate\">\n<div style=\"display: none;\">\n<input type=\"hidden\" name=\"_wpcf7\" value=\"263\" \/>\n<input type=\"hidden\" name=\"_wpcf7_version\" value=\"5.0.5\" \/>\n<input type=\"hidden\" name=\"_wpcf7_locale\" value=\"en_US\" \/>\n<input type=\"hidden\" name=\"_wpcf7_unit_tag\" value=\"wpcf7-f263-o1\" \/>\n<input type=\"hidden\" name=\"_wpcf7_container_post\" value=\"0\" \/>\n<\/div>\n<p><span class=\"wpcf7-form-control-wrap your-fname\"><input type=\"text\" name=\"your-fname\" value=\"\" size=\"40\" class=\"wpcf7-form-control wpcf7-text wpcf7-validates-as-required\" aria-required=\"true\" aria-invalid=\"false\" placeholder=\"Ad Soyad *\" \/><\/span><\/p>\n<p><span class=\"wpcf7-form-control-wrap your-email\"><input type=\"email\" name=\"your-email\" value=\"\" size=\"40\" class=\"wpcf7-form-control wpcf7-text wpcf7-email wpcf7-validates-as-required wpcf7-validates-as-email\" aria-required=\"true\" aria-invalid=\"false\" placeholder=\"E-posta Adresi *\" \/><\/span><\/p>\n<p><span class=\"wpcf7-form-control-wrap your-subject\"><input type=\"text\" name=\"your-subject\" value=\"\" size=\"40\" class=\"wpcf7-form-control wpcf7-text\" aria-invalid=\"false\" placeholder=\"Konu\" \/><\/span><\/p>\n<p><span class=\"wpcf7-form-control-wrap your-message\"><textarea name=\"your-message\" cols=\"40\" rows=\"10\" class=\"wpcf7-form-control wpcf7-textarea\" aria-invalid=\"false\" placeholder=\"Mesaj\u0131n\u0131z...\"><\/textarea><\/span><\/p>\n<div class=\"wpcf7-form-control-wrap\"><div data-sitekey=\"6LfKohcaAAAAAFDSntPaWeb1BpzndIJ7Nb9X8pWO\" class=\"wpcf7-form-control g-recaptcha wpcf7-recaptcha\"><\/div>\n<noscript>\n\t<div style=\"width: 302px; height: 422px;\">\n\t\t<div style=\"width: 302px; height: 422px; position: relative;\">\n\t\t\t<div style=\"width: 302px; height: 422px; position: absolute;\">\n\t\t\t\t<iframe src=\"https:\/\/www.google.com\/recaptcha\/api\/fallback?k=6LfKohcaAAAAAFDSntPaWeb1BpzndIJ7Nb9X8pWO\" frameborder=\"0\" scrolling=\"no\" style=\"width: 302px; height:422px; border-style: none;\">\n\t\t\t\t<\/iframe>\n\t\t\t<\/div>\n\t\t\t<div style=\"width: 300px; height: 60px; border-style: none; bottom: 12px; left: 25px; margin: 0px; padding: 0px; right: 25px; background: #f9f9f9; border: 1px solid #c1c1c1; border-radius: 3px;\">\n\t\t\t\t<textarea id=\"g-recaptcha-response\" name=\"g-recaptcha-response\" class=\"g-recaptcha-response\" style=\"width: 250px; height: 40px; border: 1px solid #c1c1c1; margin: 10px 25px; padding: 0px; resize: none;\">\n\t\t\t\t<\/textarea>\n\t\t\t<\/div>\n\t\t<\/div>\n\t<\/div>\n<\/noscript>\n<\/div>\n<p><input type=\"submit\" value=\"G\u00f6nder\" class=\"wpcf7-form-control wpcf7-submit\" \/><\/p>\n<div class=\"wpcf7-response-output wpcf7-display-none\"><\/div><\/form><\/div>[\/vc_column][vc_column width=&#8221;1\/3&#8243;][wdc_heading title=&#8221;\u0130leti\u015fim Bilgileri&#8221;][\/wdc_heading][vc_column_text]A\u015fa\u011f\u0131daki ileti\u015fim bilgileri ile bize ulabilirsiniz.[\/vc_column_text][vc_raw_html]JTNDdWwlMjBjbGFzcyUzRCUyMndkYy1jb250YWN0LWluZm8lMjIlM0UlMEElM0NsaSUzRSUwQSUzQ2RpdiUyMGNsYXNzJTNEJTIyY29udGFjdC1sYWJlbCUyMiUzRUFkcmVzJTNDJTJGZGl2JTNFJTBBJUM0JUIwa2l0ZWxsaSUyME9yZ2FuaXplJTIwU2FuYXlpJTIwQiVDMyVCNmxnZXNpJTIwTWV0YWwlMjAlQzQlQjAlQzUlOUYlMjBTYW4uJTIwU2l0LiUyMDEyJTJGQSUyMEJsb2slMjBObyUzQSUyMDYlMjBCYSVDNSU5RmFrJUM1JTlGZWhpciUyMCUyRiUyMCVDNCVCMHN0YW5idWwlMEElM0MlMkZsaSUzRSUwQSUzQ2xpJTNFJTBBJTNDZGl2JTIwY2xhc3MlM0QlMjJjb250YWN0LWxhYmVsJTIyJTNFVGVsZWZvbiUzQyUyRmRpdiUzRSUwQSUyQjkwJTIwJTI4MjEyJTI5JTIwNDk0JTIwMDQlMjAwNCUwQSUzQyUyRmxpJTNFJTBBJTNDbGklM0UlMEElM0NkaXYlMjBjbGFzcyUzRCUyMmNvbnRhY3QtbGFiZWwlMjIlM0VDZXAlMjBUZWxlZm9uJTNDJTJGZGl2JTNFJTBBJTJCOTAlMjAlMjg1MzMlMjklMjA1MTIlMjAxMSUyMDIwJTIwLSUyMCVDNCVCMGJyYWhpbSUyMCVDNSU5RWVub2wlMEElM0MlMkZsaSUzRSUwQSUzQ2xpJTNFJTBBJTNDZGl2JTIwY2xhc3MlM0QlMjJjb250YWN0LWxhYmVsJTIyJTNFRmF4JTNDJTJGZGl2JTNFJTBBJTJCOTAlMjAlMjgyMTIlMjklMjA0OTQlMjAwNCUyMDAzJTBBJTNDJTJGbGklM0UlMEElM0NsaSUzRSUwQSUzQ2RpdiUyMGNsYXNzJTNEJTIyY29udGFjdC1sYWJlbCUyMiUzRUVtYWlsJTNDJTJGZGl2JTNFJTBBJTNDYSUyMGhyZWYlM0QlMjIlMjMlMjIlM0VpbmZvJTQwc2VudmFrdW0uY29tJTNDJTJGYSUzRSUwQSUzQyUyRmxpJTNFJTBBJTNDJTJGdWwlM0U=[\/vc_raw_html][\/vc_column][\/vc_row]<\/p>\n","protected":false},"excerpt":{"rendered":"<p>[vc_row wdc_remove_padding=&#8221;yes&#8221; wdc_full_width=&#8221;2&#8243; css=&#8221;.vc_custom_1444633257299{margin-bottom: 0px !important;}&#8221;][vc_column][vc_gmaps link=&#8221;#E-8_JTNDaWZyYW1lJTIwc3JjJTNEJTIyaHR0cHMlM0ElMkYlMkZ3d3cuZ29vZ2xlLmNvbSUyRm1hcHMlMkZlbWJlZCUzRnBiJTNEJTIxMW0xOCUyMTFtMTIlMjExbTMlMjExZDMwMDguMDAzMDExMjc3MjU0MiUyMTJkMjguNzk3OTc1ODE1ODAxMjA1JTIxM2Q0MS4wNjg5MjY4MjM2Mzg2NyUyMTJtMyUyMTFmMCUyMTJmMCUyMTNmMCUyMTNtMiUyMTFpMTAyNCUyMTJpNzY4JTIxNGYxMy4xJTIxM20zJTIxMW0yJTIxMXMweDE0Y2FhNTkwNjZlNjdhYmQlMjUzQTB4ZGI3NzZmMmNiYzRiODllMCUyMTJ6V21sNVlXZkR0bXRoYkhBZ1RXRm9ZV3hzWlhOcExDQk5aWFJoYkNERXNNV2ZJRk5oYm1GNWFTQlRhWFJsYzJrZ1dXOXNkU0JPYnpvMU15d2dNelEwT1RBZ3hMQnJhWFJsYkd4cElFOXpZaTlDWWNXZllXdkZuMlZvYVhJdnhMQnpkR0Z1WW5WcyUyMTVlMCUyMTNtMiUyMTFzZW4lMjEyc3RyJTIxNHYxNTQyMDA5MTUzMDQwJTIyJTIwd2lkdGglM0QlMjI2MDAlMjIlMjBoZWlnaHQlM0QlMjI0NTAlMjIlMjBmcmFtZWJvcmRlciUzRCUyMjAlMjIlMjBzdHlsZSUzRCUyMmJvcmRlciUzQTAlMjIlMjBhbGxvd2Z1bGxzY3JlZW4lM0UlM0MlMkZpZnJhbWUlM0U=&#8221; css=&#8221;.vc_custom_1542009164163{margin-bottom: 0px !important;}&#8221;][\/vc_column][\/vc_row][vc_row css=&#8221;.vc_custom_1451525930914{margin-bottom: 0px !important;padding-top: 80px !important;padding-bottom: 60px !important;}&#8221;][vc_column width=&#8221;2\/3&#8243;][wdc_heading title=&#8221;\u0130leti\u015fim Formu&#8221;][\/wdc_heading][\/vc_column][vc_column width=&#8221;1\/3&#8243;][wdc_heading title=&#8221;\u0130leti\u015fim Bilgileri&#8221;][\/wdc_heading][vc_column_text]A\u015fa\u011f\u0131daki ileti\u015fim bilgileri ile bize ulabilirsiniz.[\/vc_column_text][vc_raw_html]JTNDdWwlMjBjbGFzcyUzRCUyMndkYy1jb250YWN0LWluZm8lMjIlM0UlMEElM0NsaSUzRSUwQSUzQ2RpdiUyMGNsYXNzJTNEJTIyY29udGFjdC1sYWJlbCUyMiUzRUFkcmVzJTNDJTJGZGl2JTNFJTBBJUM0JUIwa2l0ZWxsaSUyME9yZ2FuaXplJTIwU2FuYXlpJTIwQiVDMyVCNmxnZXNpJTIwTWV0YWwlMjAlQzQlQjAlQzUlOUYlMjBTYW4uJTIwU2l0LiUyMDEyJTJGQSUyMEJsb2slMjBObyUzQSUyMDYlMjBCYSVDNSU5RmFrJUM1JTlGZWhpciUyMCUyRiUyMCVDNCVCMHN0YW5idWwlMEElM0MlMkZsaSUzRSUwQSUzQ2xpJTNFJTBBJTNDZGl2JTIwY2xhc3MlM0QlMjJjb250YWN0LWxhYmVsJTIyJTNFVGVsZWZvbiUzQyUyRmRpdiUzRSUwQSUyQjkwJTIwJTI4MjEyJTI5JTIwNDk0JTIwMDQlMjAwNCUwQSUzQyUyRmxpJTNFJTBBJTNDbGklM0UlMEElM0NkaXYlMjBjbGFzcyUzRCUyMmNvbnRhY3QtbGFiZWwlMjIlM0VDZXAlMjBUZWxlZm9uJTNDJTJGZGl2JTNFJTBBJTJCOTAlMjAlMjg1MzMlMjklMjA1MTIlMjAxMSUyMDIwJTIwLSUyMCVDNCVCMGJyYWhpbSUyMCVDNSU5RWVub2wlMEElM0MlMkZsaSUzRSUwQSUzQ2xpJTNFJTBBJTNDZGl2JTIwY2xhc3MlM0QlMjJjb250YWN0LWxhYmVsJTIyJTNFRmF4JTNDJTJGZGl2JTNFJTBBJTJCOTAlMjAlMjgyMTIlMjklMjA0OTQlMjAwNCUyMDAzJTBBJTNDJTJGbGklM0UlMEElM0NsaSUzRSUwQSUzQ2RpdiUyMGNsYXNzJTNEJTIyY29udGFjdC1sYWJlbCUyMiUzRUVtYWlsJTNDJTJGZGl2JTNFJTBBJTNDYSUyMGhyZWYlM0QlMjIlMjMlMjIlM0VpbmZvJTQwc2VudmFrdW0uY29tJTNDJTJGYSUzRSUwQSUzQyUyRmxpJTNFJTBBJTNDJTJGdWwlM0U=[\/vc_raw_html][\/vc_column][\/vc_row]<\/p>\n","protected":false},"author":1,"featured_media":0,"parent":0,"menu_order":0,"comment_status":"closed","ping_status":"closed","template":"","meta":[],"yoast_head":"<!-- This site is optimized with the Yoast SEO plugin v16.6.1 - https:\/\/yoast.com\/wordpress\/plugins\/seo\/ -->\r\n<title>\u0130leti\u015fim - \u015een Vakum<\/title>\r\n<meta name=\"description\" content=\"Termoform sekt\u00f6r\u00fcnde fason ambalaj kal\u0131p ve m\u00fc\u015fteri taleplerine y\u00f6nelik makine imalat\u0131nda kaliteyi ve m\u00fc\u015fteri memnuniyetini esas al\u0131p kuruldu\u011fu g\u00fcnden itibaren m\u00fc\u015fterilere \u00e7\u00f6z\u00fcm orta\u011f\u0131 olarak hizmet vermektedir.\" \/>\r\n<meta name=\"robots\" content=\"index, follow, max-snippet:-1, max-image-preview:large, max-video-preview:-1\" \/>\r\n<link rel=\"canonical\" href=\"https:\/\/senvakum.com\/index.php\/iletisim\/\" \/>\r\n<meta property=\"og:locale\" content=\"tr_TR\" \/>\r\n<meta property=\"og:type\" content=\"article\" \/>\r\n<meta property=\"og:title\" content=\"\u0130leti\u015fim - \u015een Vakum\" \/>\r\n<meta property=\"og:description\" content=\"Termoform sekt\u00f6r\u00fcnde fason ambalaj kal\u0131p ve m\u00fc\u015fteri taleplerine y\u00f6nelik makine imalat\u0131nda kaliteyi ve m\u00fc\u015fteri memnuniyetini esas al\u0131p kuruldu\u011fu g\u00fcnden itibaren m\u00fc\u015fterilere \u00e7\u00f6z\u00fcm orta\u011f\u0131 olarak hizmet vermektedir.\" \/>\r\n<meta property=\"og:url\" content=\"https:\/\/senvakum.com\/index.php\/iletisim\/\" \/>\r\n<meta property=\"og:site_name\" content=\"\u015een Vakum\" \/>\r\n<meta property=\"article:modified_time\" content=\"2018-11-12T05:19:12+00:00\" \/>\r\n<meta name=\"twitter:card\" content=\"summary_large_image\" \/>\r\n<meta name=\"twitter:label1\" content=\"Tahmini okuma s\u00fcresi\" \/>\n\t<meta name=\"twitter:data1\" content=\"1 dakika\" \/>\r\n<script type=\"application\/ld+json\" class=\"yoast-schema-graph\">{\"@context\":\"https:\/\/schema.org\",\"@graph\":[{\"@type\":\"Organization\",\"@id\":\"https:\/\/senvakum.com\/#organization\",\"name\":\"\\u015een Vakum\",\"url\":\"https:\/\/senvakum.com\/\",\"sameAs\":[],\"logo\":{\"@type\":\"ImageObject\",\"@id\":\"https:\/\/senvakum.com\/#logo\",\"inLanguage\":\"tr\",\"url\":\"https:\/\/senvakum.com\/wp-content\/uploads\/2018\/11\/sen-plastik.png\",\"contentUrl\":\"https:\/\/senvakum.com\/wp-content\/uploads\/2018\/11\/sen-plastik.png\",\"width\":1305,\"height\":272,\"caption\":\"\\u015een Vakum\"},\"image\":{\"@id\":\"https:\/\/senvakum.com\/#logo\"}},{\"@type\":\"WebSite\",\"@id\":\"https:\/\/senvakum.com\/#website\",\"url\":\"https:\/\/senvakum.com\/\",\"name\":\"\\u015een Vakum\",\"description\":\"| Plastik Vakum Ambalaj ve Kal\\u0131p San. Tic. Ltd. \\u015eti.\",\"publisher\":{\"@id\":\"https:\/\/senvakum.com\/#organization\"},\"potentialAction\":[{\"@type\":\"SearchAction\",\"target\":{\"@type\":\"EntryPoint\",\"urlTemplate\":\"https:\/\/senvakum.com\/?s={search_term_string}\"},\"query-input\":\"required name=search_term_string\"}],\"inLanguage\":\"tr\"},{\"@type\":\"WebPage\",\"@id\":\"https:\/\/senvakum.com\/index.php\/iletisim\/#webpage\",\"url\":\"https:\/\/senvakum.com\/index.php\/iletisim\/\",\"name\":\"\\u0130leti\\u015fim - \\u015een Vakum\",\"isPartOf\":{\"@id\":\"https:\/\/senvakum.com\/#website\"},\"datePublished\":\"2016-11-14T14:50:55+00:00\",\"dateModified\":\"2018-11-12T05:19:12+00:00\",\"description\":\"Termoform sekt\\u00f6r\\u00fcnde fason ambalaj kal\\u0131p ve m\\u00fc\\u015fteri taleplerine y\\u00f6nelik makine imalat\\u0131nda kaliteyi ve m\\u00fc\\u015fteri memnuniyetini esas al\\u0131p kuruldu\\u011fu g\\u00fcnden itibaren m\\u00fc\\u015fterilere \\u00e7\\u00f6z\\u00fcm orta\\u011f\\u0131 olarak hizmet vermektedir.\",\"breadcrumb\":{\"@id\":\"https:\/\/senvakum.com\/index.php\/iletisim\/#breadcrumb\"},\"inLanguage\":\"tr\",\"potentialAction\":[{\"@type\":\"ReadAction\",\"target\":[\"https:\/\/senvakum.com\/index.php\/iletisim\/\"]}]},{\"@type\":\"BreadcrumbList\",\"@id\":\"https:\/\/senvakum.com\/index.php\/iletisim\/#breadcrumb\",\"itemListElement\":[{\"@type\":\"ListItem\",\"position\":1,\"name\":\"Ana Sayfa\",\"item\":\"https:\/\/senvakum.com\/\"},{\"@type\":\"ListItem\",\"position\":2,\"name\":\"\\u0130leti\\u015fim\"}]}]}<\/script>\r\n<!-- \/ Yoast SEO plugin. -->","_links":{"self":[{"href":"https:\/\/senvakum.com\/index.php\/wp-json\/wp\/v2\/pages\/159"}],"collection":[{"href":"https:\/\/senvakum.com\/index.php\/wp-json\/wp\/v2\/pages"}],"about":[{"href":"https:\/\/senvakum.com\/index.php\/wp-json\/wp\/v2\/types\/page"}],"author":[{"embeddable":true,"href":"https:\/\/senvakum.com\/index.php\/wp-json\/wp\/v2\/users\/1"}],"replies":[{"embeddable":true,"href":"https:\/\/senvakum.com\/index.php\/wp-json\/wp\/v2\/comments?post=159"}],"version-history":[{"count":7,"href":"https:\/\/senvakum.com\/index.php\/wp-json\/wp\/v2\/pages\/159\/revisions"}],"predecessor-version":[{"id":516,"href":"https:\/\/senvakum.com\/index.php\/wp-json\/wp\/v2\/pages\/159\/revisions\/516"}],"wp:attachment":[{"href":"https:\/\/senvakum.com\/index.php\/wp-json\/wp\/v2\/media?parent=159"}],"curies":[{"name":"wp","href":"https:\/\/api.w.org\/{rel}","templated":true}]}}